{"id":95,"date":"2022-04-27T14:09:36","date_gmt":"2022-04-27T14:09:36","guid":{"rendered":"https:\/\/alltaki.se\/?page_id=95"},"modified":"2022-04-27T14:09:36","modified_gmt":"2022-04-27T14:09:36","slug":"shingeltak","status":"publish","type":"page","link":"https:\/\/alltaki.se\/?page_id=95","title":{"rendered":"Shingeltak"},"content":{"rendered":"\n<p>Shingeltak \u00e4r en typ av papptak med en bel\u00e4ggning av skiffer och i mindre sektioner som l\u00e4ggs i m\u00f6nster f\u00f6r att skapa ett mer estetiskt intryck. Minsta taklutning 14\u00b0.<\/p>\n\n\n\n<figure class=\"wp-block-gallery has-nested-images columns-2 is-cropped wp-block-gallery-1 is-layout-flex wp-block-gallery-is-layout-flex\">\n<figure class=\"wp-block-image size-large\"><img loading=\"lazy\" decoding=\"async\" width=\"2560\" height=\"1920\" data-id=\"67\" src=\"https:\/\/alltaki.se\/wp-content\/uploads\/2022\/03\/Shingel-3-scaled.jpeg\" alt=\"\" class=\"wp-image-67\" srcset=\"https:\/\/alltaki.se\/wp-content\/uploads\/2022\/03\/Shingel-3-scaled.jpeg 2560w, https:\/\/alltaki.se\/wp-content\/uploads\/2022\/03\/Shingel-3-300x225.jpeg 300w, https:\/\/alltaki.se\/wp-content\/uploads\/2022\/03\/Shingel-3-1024x768.jpeg 1024w, https:\/\/alltaki.se\/wp-content\/uploads\/2022\/03\/Shingel-3-768x576.jpeg 768w, https:\/\/alltaki.se\/wp-content\/uploads\/2022\/03\/Shingel-3-1536x1152.jpeg 1536w, https:\/\/alltaki.se\/wp-content\/uploads\/2022\/03\/Shingel-3-2048x1536.jpeg 2048w\" sizes=\"auto, (max-width: 2560px) 100vw, 2560px\" \/><\/figure>\n\n\n\n<figure class=\"wp-block-image size-large\"><img loading=\"lazy\" decoding=\"async\" width=\"2560\" height=\"1920\" data-id=\"68\" src=\"https:\/\/alltaki.se\/wp-content\/uploads\/2022\/03\/Shingel-1-scaled.jpg\" alt=\"\" class=\"wp-image-68\" srcset=\"https:\/\/alltaki.se\/wp-content\/uploads\/2022\/03\/Shingel-1-scaled.jpg 2560w, https:\/\/alltaki.se\/wp-content\/uploads\/2022\/03\/Shingel-1-300x225.jpg 300w, https:\/\/alltaki.se\/wp-content\/uploads\/2022\/03\/Shingel-1-1024x768.jpg 1024w, https:\/\/alltaki.se\/wp-content\/uploads\/2022\/03\/Shingel-1-768x576.jpg 768w, https:\/\/alltaki.se\/wp-content\/uploads\/2022\/03\/Shingel-1-1536x1152.jpg 1536w, https:\/\/alltaki.se\/wp-content\/uploads\/2022\/03\/Shingel-1-2048x1536.jpg 2048w\" sizes=\"auto, (max-width: 2560px) 100vw, 2560px\" \/><\/figure>\n\n\n\n<figure class=\"wp-block-image size-large\"><img loading=\"lazy\" decoding=\"async\" width=\"2448\" height=\"2448\" data-id=\"69\" src=\"https:\/\/alltaki.se\/wp-content\/uploads\/2022\/03\/Shingel-2.jpg\" alt=\"\" class=\"wp-image-69\" srcset=\"https:\/\/alltaki.se\/wp-content\/uploads\/2022\/03\/Shingel-2.jpg 2448w, https:\/\/alltaki.se\/wp-content\/uploads\/2022\/03\/Shingel-2-300x300.jpg 300w, https:\/\/alltaki.se\/wp-content\/uploads\/2022\/03\/Shingel-2-1024x1024.jpg 1024w, https:\/\/alltaki.se\/wp-content\/uploads\/2022\/03\/Shingel-2-150x150.jpg 150w, https:\/\/alltaki.se\/wp-content\/uploads\/2022\/03\/Shingel-2-768x768.jpg 768w, https:\/\/alltaki.se\/wp-content\/uploads\/2022\/03\/Shingel-2-1536x1536.jpg 1536w, https:\/\/alltaki.se\/wp-content\/uploads\/2022\/03\/Shingel-2-2048x2048.jpg 2048w\" sizes=\"auto, (max-width: 2448px) 100vw, 2448px\" \/><\/figure>\n\n\n\n<figure class=\"wp-block-image size-large\"><img loading=\"lazy\" decoding=\"async\" width=\"1920\" height=\"2560\" data-id=\"66\" src=\"https:\/\/alltaki.se\/wp-content\/uploads\/2022\/03\/Shingel-4-scaled.jpeg\" alt=\"\" class=\"wp-image-66\" srcset=\"https:\/\/alltaki.se\/wp-content\/uploads\/2022\/03\/Shingel-4-scaled.jpeg 1920w, https:\/\/alltaki.se\/wp-content\/uploads\/2022\/03\/Shingel-4-225x300.jpeg 225w, https:\/\/alltaki.se\/wp-content\/uploads\/2022\/03\/Shingel-4-768x1024.jpeg 768w, https:\/\/alltaki.se\/wp-content\/uploads\/2022\/03\/Shingel-4-1152x1536.jpeg 1152w, https:\/\/alltaki.se\/wp-content\/uploads\/2022\/03\/Shingel-4-1536x2048.jpeg 1536w\" sizes=\"auto, (max-width: 1920px) 100vw, 1920px\" \/><\/figure>\n<\/figure>\n","protected":false},"excerpt":{"rendered":"<p>Shingeltak \u00e4r en typ av papptak med en bel\u00e4ggning av skiffer och i mindre sektioner som l\u00e4ggs i m\u00f6nster f\u00f6r<\/p>\n","protected":false},"author":1,"featured_media":0,"parent":0,"menu_order":0,"comment_status":"closed","ping_status":"closed","template":"","meta":{"footnotes":""},"class_list":["post-95","page","type-page","status-publish","hentry"],"_links":{"self":[{"href":"https:\/\/alltaki.se\/index.php?rest_route=\/wp\/v2\/pages\/95","targetHints":{"allow":["GET"]}}],"collection":[{"href":"https:\/\/alltaki.se\/index.php?rest_route=\/wp\/v2\/pages"}],"about":[{"href":"https:\/\/alltaki.se\/index.php?rest_route=\/wp\/v2\/types\/page"}],"author":[{"embeddable":true,"href":"https:\/\/alltaki.se\/index.php?rest_route=\/wp\/v2\/users\/1"}],"replies":[{"embeddable":true,"href":"https:\/\/alltaki.se\/index.php?rest_route=%2Fwp%2Fv2%2Fcomments&post=95"}],"version-history":[{"count":1,"href":"https:\/\/alltaki.se\/index.php?rest_route=\/wp\/v2\/pages\/95\/revisions"}],"predecessor-version":[{"id":96,"href":"https:\/\/alltaki.se\/index.php?rest_route=\/wp\/v2\/pages\/95\/revisions\/96"}],"wp:attachment":[{"href":"https:\/\/alltaki.se\/index.php?rest_route=%2Fwp%2Fv2%2Fmedia&parent=95"}],"curies":[{"name":"wp","href":"https:\/\/api.w.org\/{rel}","templated":true}]}}