{"id":90,"date":"2022-04-27T14:07:03","date_gmt":"2022-04-27T14:07:03","guid":{"rendered":"https:\/\/alltaki.se\/?page_id=90"},"modified":"2022-04-27T14:07:03","modified_gmt":"2022-04-27T14:07:03","slug":"listtackning","status":"publish","type":"page","link":"https:\/\/alltaki.se\/?page_id=90","title":{"rendered":"Listt\u00e4ckning"},"content":{"rendered":"\n<p>Listt\u00e4ckning har funnits sedan takpappens int\u00e5g p\u00e5 mitten av 1800-talet och \u00e4r ursprungsmetoden f\u00f6r l\u00e4ggning av papptak. Med funktionen av ett kvalitativt papptak och estetiken fr\u00e5n gamla anor anv\u00e4nds denna typ av tak fr\u00e4mst f\u00f6r bost\u00e4der d\u00e4r en viss tidsenlighet och patina efterstr\u00e4vas.<\/p>\n\n\n\n<figure class=\"wp-block-gallery has-nested-images columns-2 is-cropped wp-block-gallery-1 is-layout-flex wp-block-gallery-is-layout-flex\">\n<figure class=\"wp-block-image size-large\"><img loading=\"lazy\" decoding=\"async\" width=\"2560\" height=\"1920\" data-id=\"9\" src=\"https:\/\/alltaki.se\/wp-content\/uploads\/2022\/03\/Listtackning-3-scaled.jpg\" alt=\"\" class=\"wp-image-9\" srcset=\"https:\/\/alltaki.se\/wp-content\/uploads\/2022\/03\/Listtackning-3-scaled.jpg 2560w, https:\/\/alltaki.se\/wp-content\/uploads\/2022\/03\/Listtackning-3-300x225.jpg 300w, https:\/\/alltaki.se\/wp-content\/uploads\/2022\/03\/Listtackning-3-1024x768.jpg 1024w, https:\/\/alltaki.se\/wp-content\/uploads\/2022\/03\/Listtackning-3-768x576.jpg 768w, https:\/\/alltaki.se\/wp-content\/uploads\/2022\/03\/Listtackning-3-1536x1152.jpg 1536w, https:\/\/alltaki.se\/wp-content\/uploads\/2022\/03\/Listtackning-3-2048x1536.jpg 2048w\" sizes=\"auto, (max-width: 2560px) 100vw, 2560px\" \/><\/figure>\n\n\n\n<figure class=\"wp-block-image size-large\"><img loading=\"lazy\" decoding=\"async\" width=\"2560\" height=\"1920\" data-id=\"8\" src=\"https:\/\/alltaki.se\/wp-content\/uploads\/2022\/03\/Listtackning-2-scaled.jpg\" alt=\"\" class=\"wp-image-8\" srcset=\"https:\/\/alltaki.se\/wp-content\/uploads\/2022\/03\/Listtackning-2-scaled.jpg 2560w, https:\/\/alltaki.se\/wp-content\/uploads\/2022\/03\/Listtackning-2-300x225.jpg 300w, https:\/\/alltaki.se\/wp-content\/uploads\/2022\/03\/Listtackning-2-1024x768.jpg 1024w, https:\/\/alltaki.se\/wp-content\/uploads\/2022\/03\/Listtackning-2-768x576.jpg 768w, https:\/\/alltaki.se\/wp-content\/uploads\/2022\/03\/Listtackning-2-1536x1152.jpg 1536w, https:\/\/alltaki.se\/wp-content\/uploads\/2022\/03\/Listtackning-2-2048x1536.jpg 2048w\" sizes=\"auto, (max-width: 2560px) 100vw, 2560px\" \/><\/figure>\n\n\n\n<figure class=\"wp-block-image size-large\"><img loading=\"lazy\" decoding=\"async\" width=\"2560\" height=\"1920\" data-id=\"7\" src=\"https:\/\/alltaki.se\/wp-content\/uploads\/2022\/03\/Listtackning-1-scaled.jpg\" alt=\"\" class=\"wp-image-7\" srcset=\"https:\/\/alltaki.se\/wp-content\/uploads\/2022\/03\/Listtackning-1-scaled.jpg 2560w, https:\/\/alltaki.se\/wp-content\/uploads\/2022\/03\/Listtackning-1-300x225.jpg 300w, https:\/\/alltaki.se\/wp-content\/uploads\/2022\/03\/Listtackning-1-1024x768.jpg 1024w, https:\/\/alltaki.se\/wp-content\/uploads\/2022\/03\/Listtackning-1-768x576.jpg 768w, https:\/\/alltaki.se\/wp-content\/uploads\/2022\/03\/Listtackning-1-1536x1152.jpg 1536w, https:\/\/alltaki.se\/wp-content\/uploads\/2022\/03\/Listtackning-1-2048x1536.jpg 2048w\" sizes=\"auto, (max-width: 2560px) 100vw, 2560px\" \/><\/figure>\n\n\n\n<figure class=\"wp-block-image size-large\"><img loading=\"lazy\" decoding=\"async\" width=\"800\" height=\"533\" data-id=\"91\" src=\"https:\/\/alltaki.se\/wp-content\/uploads\/2022\/04\/image-4.jpeg\" alt=\"\" class=\"wp-image-91\" srcset=\"https:\/\/alltaki.se\/wp-content\/uploads\/2022\/04\/image-4.jpeg 800w, https:\/\/alltaki.se\/wp-content\/uploads\/2022\/04\/image-4-300x200.jpeg 300w, https:\/\/alltaki.se\/wp-content\/uploads\/2022\/04\/image-4-768x512.jpeg 768w\" sizes=\"auto, (max-width: 800px) 100vw, 800px\" \/><\/figure>\n<\/figure>\n","protected":false},"excerpt":{"rendered":"<p>Listt\u00e4ckning har funnits sedan takpappens int\u00e5g p\u00e5 mitten av 1800-talet och \u00e4r ursprungsmetoden f\u00f6r l\u00e4ggning av papptak. Med funktionen av<\/p>\n","protected":false},"author":1,"featured_media":0,"parent":0,"menu_order":0,"comment_status":"closed","ping_status":"closed","template":"","meta":{"footnotes":""},"class_list":["post-90","page","type-page","status-publish","hentry"],"_links":{"self":[{"href":"https:\/\/alltaki.se\/index.php?rest_route=\/wp\/v2\/pages\/90","targetHints":{"allow":["GET"]}}],"collection":[{"href":"https:\/\/alltaki.se\/index.php?rest_route=\/wp\/v2\/pages"}],"about":[{"href":"https:\/\/alltaki.se\/index.php?rest_route=\/wp\/v2\/types\/page"}],"author":[{"embeddable":true,"href":"https:\/\/alltaki.se\/index.php?rest_route=\/wp\/v2\/users\/1"}],"replies":[{"embeddable":true,"href":"https:\/\/alltaki.se\/index.php?rest_route=%2Fwp%2Fv2%2Fcomments&post=90"}],"version-history":[{"count":1,"href":"https:\/\/alltaki.se\/index.php?rest_route=\/wp\/v2\/pages\/90\/revisions"}],"predecessor-version":[{"id":92,"href":"https:\/\/alltaki.se\/index.php?rest_route=\/wp\/v2\/pages\/90\/revisions\/92"}],"wp:attachment":[{"href":"https:\/\/alltaki.se\/index.php?rest_route=%2Fwp%2Fv2%2Fmedia&parent=90"}],"curies":[{"name":"wp","href":"https:\/\/api.w.org\/{rel}","templated":true}]}}