{"id":88,"date":"2022-04-27T14:05:13","date_gmt":"2022-04-27T14:05:13","guid":{"rendered":"https:\/\/alltaki.se\/?page_id=88"},"modified":"2022-04-27T14:05:13","modified_gmt":"2022-04-27T14:05:13","slug":"tegeltak-2","status":"publish","type":"page","link":"https:\/\/alltaki.se\/?page_id=88","title":{"rendered":"Tegeltak"},"content":{"rendered":"\n<p>Tegeltak har lagts p\u00e5 svenska hus i alla tider och \u00e4r mycket popul\u00e4rt. Genom sin genomarbetade konstruktion och dess g\u00e5ngbarhet p\u00e5 olika breddgrader i v\u00e5rt avl\u00e5nga land s\u00e5 st\u00e5r sig tegeltaket lika starkt idag som n\u00e4r f\u00f6rsta tegelpannan lades p\u00e5 plats i Sverige p\u00e5 medeltiden.<\/p>\n\n\n\n<figure class=\"wp-block-gallery has-nested-images columns-default is-cropped wp-block-gallery-1 is-layout-flex wp-block-gallery-is-layout-flex\">\n<figure class=\"wp-block-image size-large\"><img loading=\"lazy\" decoding=\"async\" width=\"2560\" height=\"1920\" data-id=\"72\" src=\"https:\/\/alltaki.se\/wp-content\/uploads\/2022\/03\/Tegeltak-scaled.jpeg\" alt=\"\" class=\"wp-image-72\" srcset=\"https:\/\/alltaki.se\/wp-content\/uploads\/2022\/03\/Tegeltak-scaled.jpeg 2560w, https:\/\/alltaki.se\/wp-content\/uploads\/2022\/03\/Tegeltak-300x225.jpeg 300w, https:\/\/alltaki.se\/wp-content\/uploads\/2022\/03\/Tegeltak-1024x768.jpeg 1024w, https:\/\/alltaki.se\/wp-content\/uploads\/2022\/03\/Tegeltak-768x576.jpeg 768w, https:\/\/alltaki.se\/wp-content\/uploads\/2022\/03\/Tegeltak-1536x1152.jpeg 1536w, https:\/\/alltaki.se\/wp-content\/uploads\/2022\/03\/Tegeltak-2048x1536.jpeg 2048w\" sizes=\"auto, (max-width: 2560px) 100vw, 2560px\" \/><\/figure>\n<\/figure>\n","protected":false},"excerpt":{"rendered":"<p>Tegeltak har lagts p\u00e5 svenska hus i alla tider och \u00e4r mycket popul\u00e4rt. Genom sin genomarbetade konstruktion och dess g\u00e5ngbarhet<\/p>\n","protected":false},"author":1,"featured_media":0,"parent":0,"menu_order":0,"comment_status":"closed","ping_status":"closed","template":"","meta":{"footnotes":""},"class_list":["post-88","page","type-page","status-publish","hentry"],"_links":{"self":[{"href":"https:\/\/alltaki.se\/index.php?rest_route=\/wp\/v2\/pages\/88","targetHints":{"allow":["GET"]}}],"collection":[{"href":"https:\/\/alltaki.se\/index.php?rest_route=\/wp\/v2\/pages"}],"about":[{"href":"https:\/\/alltaki.se\/index.php?rest_route=\/wp\/v2\/types\/page"}],"author":[{"embeddable":true,"href":"https:\/\/alltaki.se\/index.php?rest_route=\/wp\/v2\/users\/1"}],"replies":[{"embeddable":true,"href":"https:\/\/alltaki.se\/index.php?rest_route=%2Fwp%2Fv2%2Fcomments&post=88"}],"version-history":[{"count":1,"href":"https:\/\/alltaki.se\/index.php?rest_route=\/wp\/v2\/pages\/88\/revisions"}],"predecessor-version":[{"id":89,"href":"https:\/\/alltaki.se\/index.php?rest_route=\/wp\/v2\/pages\/88\/revisions\/89"}],"wp:attachment":[{"href":"https:\/\/alltaki.se\/index.php?rest_route=%2Fwp%2Fv2%2Fmedia&parent=88"}],"curies":[{"name":"wp","href":"https:\/\/api.w.org\/{rel}","templated":true}]}}