{"id":86,"date":"2022-04-27T12:06:28","date_gmt":"2022-04-27T12:06:28","guid":{"rendered":"https:\/\/alltaki.se\/?page_id=86"},"modified":"2022-04-27T12:06:28","modified_gmt":"2022-04-27T12:06:28","slug":"plattak-2","status":"publish","type":"page","link":"https:\/\/alltaki.se\/?page_id=86","title":{"rendered":"Pl\u00e5ttak"},"content":{"rendered":"\n<p>Pl\u00e5ttak l\u00e4mpar sig f\u00f6r tak med en minsta taklutning p\u00e5 10\u201315\u00b0 och \u00e4r en v\u00e4lbepr\u00f6vad takt\u00e4ckning som anv\u00e4nts under l\u00e5ng tid. Vanliga takpl\u00e5tsmaterial \u00e4r st\u00e5l med olika bel\u00e4ggning (zink eller alu-zink), aluminium och koppar. Pl\u00e5ttak har framg\u00e5ngsrikt anv\u00e4nts under l\u00e5ng tid p\u00e5 bland annat kyrkor, bost\u00e4der och ladug\u00e5rdar (ekonomibyggnader), d\u00e4r kraven varit l\u00e5ng h\u00e5llbarhet med h\u00f6g kvalitet.<\/p>\n\n\n\n<figure class=\"wp-block-gallery has-nested-images columns-default is-cropped wp-block-gallery-1 is-layout-flex wp-block-gallery-is-layout-flex\">\n<figure class=\"wp-block-image size-large\"><img loading=\"lazy\" decoding=\"async\" width=\"2560\" height=\"1920\" data-id=\"61\" src=\"https:\/\/alltaki.se\/wp-content\/uploads\/2022\/03\/Plattak-scaled.jpeg\" alt=\"\" class=\"wp-image-61\" srcset=\"https:\/\/alltaki.se\/wp-content\/uploads\/2022\/03\/Plattak-scaled.jpeg 2560w, https:\/\/alltaki.se\/wp-content\/uploads\/2022\/03\/Plattak-300x225.jpeg 300w, https:\/\/alltaki.se\/wp-content\/uploads\/2022\/03\/Plattak-1024x768.jpeg 1024w, https:\/\/alltaki.se\/wp-content\/uploads\/2022\/03\/Plattak-768x576.jpeg 768w, https:\/\/alltaki.se\/wp-content\/uploads\/2022\/03\/Plattak-1536x1152.jpeg 1536w, https:\/\/alltaki.se\/wp-content\/uploads\/2022\/03\/Plattak-2048x1536.jpeg 2048w\" sizes=\"auto, (max-width: 2560px) 100vw, 2560px\" \/><\/figure>\n<\/figure>\n","protected":false},"excerpt":{"rendered":"<p>Pl\u00e5ttak l\u00e4mpar sig f\u00f6r tak med en minsta taklutning p\u00e5 10\u201315\u00b0 och \u00e4r en v\u00e4lbepr\u00f6vad takt\u00e4ckning som anv\u00e4nts under l\u00e5ng<\/p>\n","protected":false},"author":1,"featured_media":0,"parent":0,"menu_order":0,"comment_status":"closed","ping_status":"closed","template":"","meta":{"footnotes":""},"class_list":["post-86","page","type-page","status-publish","hentry"],"_links":{"self":[{"href":"https:\/\/alltaki.se\/index.php?rest_route=\/wp\/v2\/pages\/86","targetHints":{"allow":["GET"]}}],"collection":[{"href":"https:\/\/alltaki.se\/index.php?rest_route=\/wp\/v2\/pages"}],"about":[{"href":"https:\/\/alltaki.se\/index.php?rest_route=\/wp\/v2\/types\/page"}],"author":[{"embeddable":true,"href":"https:\/\/alltaki.se\/index.php?rest_route=\/wp\/v2\/users\/1"}],"replies":[{"embeddable":true,"href":"https:\/\/alltaki.se\/index.php?rest_route=%2Fwp%2Fv2%2Fcomments&post=86"}],"version-history":[{"count":1,"href":"https:\/\/alltaki.se\/index.php?rest_route=\/wp\/v2\/pages\/86\/revisions"}],"predecessor-version":[{"id":87,"href":"https:\/\/alltaki.se\/index.php?rest_route=\/wp\/v2\/pages\/86\/revisions\/87"}],"wp:attachment":[{"href":"https:\/\/alltaki.se\/index.php?rest_route=%2Fwp%2Fv2%2Fmedia&parent=86"}],"curies":[{"name":"wp","href":"https:\/\/api.w.org\/{rel}","templated":true}]}}