{"id":74,"date":"2022-04-27T11:28:26","date_gmt":"2022-04-27T11:28:26","guid":{"rendered":"https:\/\/alltaki.se\/?page_id=74"},"modified":"2022-04-27T11:42:31","modified_gmt":"2022-04-27T11:42:31","slug":"papptak","status":"publish","type":"page","link":"https:\/\/alltaki.se\/?page_id=74","title":{"rendered":"Papptak"},"content":{"rendered":"\n<p class=\"has-medium-font-size\">Papptak anv\u00e4nds f\u00f6r s\u00e5v\u00e4l bost\u00e4der som kommersiella fastigheter till flacka eller l\u00e5glutande tak. Pappen \u00e4r ett f\u00f6ljsamt material som l\u00e4mpar sig f\u00f6r s\u00e5v\u00e4l industri- och lagerlokalers stora takarealer som till mindre utbyggnader eller entr\u00e9er. Dagens takpapp \u00e4r ett modernt och avancerat ytskikt som \u00e4r godk\u00e4nt som t\u00e4tskiktssystem med l\u00e5ng h\u00e5llbarhet och god formbarhet.<\/p>\n\n\n\n<p><\/p>\n\n\n\n<figure class=\"wp-block-gallery has-nested-images columns-2 is-cropped wp-block-gallery-1 is-layout-flex wp-block-gallery-is-layout-flex\">\n<figure class=\"wp-block-image size-large\"><img loading=\"lazy\" decoding=\"async\" width=\"960\" height=\"720\" data-id=\"77\" src=\"https:\/\/alltaki.se\/wp-content\/uploads\/2022\/04\/image.jpeg\" alt=\"\" class=\"wp-image-77\" srcset=\"https:\/\/alltaki.se\/wp-content\/uploads\/2022\/04\/image.jpeg 960w, https:\/\/alltaki.se\/wp-content\/uploads\/2022\/04\/image-300x225.jpeg 300w, https:\/\/alltaki.se\/wp-content\/uploads\/2022\/04\/image-768x576.jpeg 768w\" sizes=\"auto, (max-width: 960px) 100vw, 960px\" \/><\/figure>\n\n\n\n<figure class=\"wp-block-image size-large\"><img loading=\"lazy\" decoding=\"async\" width=\"692\" height=\"519\" data-id=\"80\" src=\"https:\/\/alltaki.se\/wp-content\/uploads\/2022\/04\/image-1.jpeg\" alt=\"\" class=\"wp-image-80\" srcset=\"https:\/\/alltaki.se\/wp-content\/uploads\/2022\/04\/image-1.jpeg 692w, https:\/\/alltaki.se\/wp-content\/uploads\/2022\/04\/image-1-300x225.jpeg 300w\" sizes=\"auto, (max-width: 692px) 100vw, 692px\" \/><\/figure>\n\n\n\n<figure class=\"wp-block-image size-large\"><img loading=\"lazy\" decoding=\"async\" width=\"2000\" height=\"1500\" data-id=\"81\" src=\"https:\/\/alltaki.se\/wp-content\/uploads\/2022\/04\/image-2.jpeg\" alt=\"\" class=\"wp-image-81\" srcset=\"https:\/\/alltaki.se\/wp-content\/uploads\/2022\/04\/image-2.jpeg 2000w, https:\/\/alltaki.se\/wp-content\/uploads\/2022\/04\/image-2-300x225.jpeg 300w, https:\/\/alltaki.se\/wp-content\/uploads\/2022\/04\/image-2-1024x768.jpeg 1024w, https:\/\/alltaki.se\/wp-content\/uploads\/2022\/04\/image-2-768x576.jpeg 768w, https:\/\/alltaki.se\/wp-content\/uploads\/2022\/04\/image-2-1536x1152.jpeg 1536w\" sizes=\"auto, (max-width: 2000px) 100vw, 2000px\" \/><\/figure>\n\n\n\n<figure class=\"wp-block-image size-large\"><img loading=\"lazy\" decoding=\"async\" width=\"2000\" height=\"1500\" data-id=\"82\" src=\"https:\/\/alltaki.se\/wp-content\/uploads\/2022\/04\/image-3.jpeg\" alt=\"\" class=\"wp-image-82\" srcset=\"https:\/\/alltaki.se\/wp-content\/uploads\/2022\/04\/image-3.jpeg 2000w, https:\/\/alltaki.se\/wp-content\/uploads\/2022\/04\/image-3-300x225.jpeg 300w, https:\/\/alltaki.se\/wp-content\/uploads\/2022\/04\/image-3-1024x768.jpeg 1024w, https:\/\/alltaki.se\/wp-content\/uploads\/2022\/04\/image-3-768x576.jpeg 768w, https:\/\/alltaki.se\/wp-content\/uploads\/2022\/04\/image-3-1536x1152.jpeg 1536w\" sizes=\"auto, (max-width: 2000px) 100vw, 2000px\" \/><\/figure>\n<\/figure>\n","protected":false},"excerpt":{"rendered":"<p>Papptak anv\u00e4nds f\u00f6r s\u00e5v\u00e4l bost\u00e4der som kommersiella fastigheter till flacka eller l\u00e5glutande tak. Pappen \u00e4r ett f\u00f6ljsamt material som l\u00e4mpar<\/p>\n","protected":false},"author":1,"featured_media":0,"parent":0,"menu_order":0,"comment_status":"closed","ping_status":"closed","template":"","meta":{"footnotes":""},"class_list":["post-74","page","type-page","status-publish","hentry"],"_links":{"self":[{"href":"https:\/\/alltaki.se\/index.php?rest_route=\/wp\/v2\/pages\/74","targetHints":{"allow":["GET"]}}],"collection":[{"href":"https:\/\/alltaki.se\/index.php?rest_route=\/wp\/v2\/pages"}],"about":[{"href":"https:\/\/alltaki.se\/index.php?rest_route=\/wp\/v2\/types\/page"}],"author":[{"embeddable":true,"href":"https:\/\/alltaki.se\/index.php?rest_route=\/wp\/v2\/users\/1"}],"replies":[{"embeddable":true,"href":"https:\/\/alltaki.se\/index.php?rest_route=%2Fwp%2Fv2%2Fcomments&post=74"}],"version-history":[{"count":5,"href":"https:\/\/alltaki.se\/index.php?rest_route=\/wp\/v2\/pages\/74\/revisions"}],"predecessor-version":[{"id":85,"href":"https:\/\/alltaki.se\/index.php?rest_route=\/wp\/v2\/pages\/74\/revisions\/85"}],"wp:attachment":[{"href":"https:\/\/alltaki.se\/index.php?rest_route=%2Fwp%2Fv2%2Fmedia&parent=74"}],"curies":[{"name":"wp","href":"https:\/\/api.w.org\/{rel}","templated":true}]}}